{"id":7600,"date":"2020-05-26T16:52:15","date_gmt":"2020-05-26T14:52:15","guid":{"rendered":"https:\/\/bisericamanastur.ro\/?page_id=7600"},"modified":"2020-05-27T08:16:55","modified_gmt":"2020-05-27T06:16:55","slug":"consiliere","status":"publish","type":"page","link":"https:\/\/bisericamanastur.ro\/new\/consiliere\/","title":{"rendered":"Consiliere"},"content":{"rendered":"[vc_row type=&#8221;full_width_background&#8221; full_screen_row_position=&#8221;middle&#8221; bg_color=&#8221;#333333&#8243; scene_position=&#8221;center&#8221; text_color=&#8221;dark&#8221; text_align=&#8221;left&#8221; top_padding=&#8221;20&#8243; bottom_padding=&#8221;20&#8243; overlay_strength=&#8221;0.3&#8243; shape_divider_position=&#8221;bottom&#8221; bg_image_animation=&#8221;none&#8221; shape_type=&#8221;straight_section&#8221;][vc_column column_padding=&#8221;no-extra-padding&#8221; column_padding_position=&#8221;all&#8221; background_color_opacity=&#8221;1&#8243; background_hover_color_opacity=&#8221;1&#8243; column_link_target=&#8221;_self&#8221; column_shadow=&#8221;none&#8221; column_border_radius=&#8221;none&#8221; width=&#8221;2\/3&#8243; tablet_width_inherit=&#8221;default&#8221; tablet_text_alignment=&#8221;default&#8221; phone_text_alignment=&#8221;default&#8221; column_border_width=&#8221;none&#8221; column_border_style=&#8221;solid&#8221; bg_image_animation=&#8221;none&#8221;][vc_custom_heading source=&#8221;post_title&#8221; font_container=&#8221;tag:h1|font_size:46|text_align:left|color:%23ffffff&#8221; use_theme_fonts=&#8221;yes&#8221;][\/vc_column][vc_column centered_text=&#8221;true&#8221; column_padding=&#8221;padding-2-percent&#8221; column_padding_position=&#8221;top-bottom&#8221; background_color_opacity=&#8221;1&#8243; background_hover_color_opacity=&#8221;1&#8243; column_link_target=&#8221;_self&#8221; column_shadow=&#8221;none&#8221; column_border_radius=&#8221;none&#8221; width=&#8221;1\/3&#8243; tablet_width_inherit=&#8221;default&#8221; tablet_text_alignment=&#8221;left&#8221; phone_text_alignment=&#8221;left&#8221; column_border_width=&#8221;none&#8221; column_border_style=&#8221;solid&#8221; bg_image_animation=&#8221;none&#8221;][vc_raw_html el_class=&#8221;breadcrumb-page&#8221;]JTNDYSUyMGhyZWYlM0QlMjIlMkYlMjIlM0VIb21lJTNDJTJGYSUzRSUyMCVDMiVCQiUyMENvbnNpbGllcmU=[\/vc_raw_html][\/vc_column][\/vc_row][vc_row type=&#8221;full_width_background&#8221; full_screen_row_position=&#8221;middle&#8221; bg_color=&#8221;#ffffff&#8221; scene_position=&#8221;center&#8221; text_color=&#8221;dark&#8221; text_align=&#8221;left&#8221; top_padding=&#8221;5%&#8221; bottom_padding=&#8221;40 px&#8221; overlay_strength=&#8221;0.3&#8243; shape_divider_position=&#8221;bottom&#8221; bg_image_animation=&#8221;none&#8221; shape_type=&#8221;&#8221;][vc_column column_padding=&#8221;padding-2-percent&#8221; column_padding_position=&#8221;all&#8221; background_color_opacity=&#8221;1&#8243; background_hover_color_opacity=&#8221;1&#8243; column_link_target=&#8221;_self&#8221; column_shadow=&#8221;none&#8221; column_border_radius=&#8221;none&#8221; width=&#8221;1\/1&#8243; tablet_width_inherit=&#8221;default&#8221; tablet_text_alignment=&#8221;default&#8221; phone_text_alignment=&#8221;default&#8221; column_border_width=&#8221;none&#8221; column_border_style=&#8221;solid&#8221; bg_image_animation=&#8221;none&#8221;][vc_row_inner column_margin=&#8221;default&#8221; text_align=&#8221;left&#8221;][vc_column_inner column_padding=&#8221;no-extra-padding&#8221; column_padding_position=&#8221;all&#8221; background_color_opacity=&#8221;1&#8243; background_hover_color_opacity=&#8221;1&#8243; column_shadow=&#8221;none&#8221; column_border_radius=&#8221;none&#8221; column_link_target=&#8221;_self&#8221; width=&#8221;1\/1&#8243; tablet_width_inherit=&#8221;default&#8221; column_border_width=&#8221;none&#8221; column_border_style=&#8221;solid&#8221; bg_image_animation=&#8221;none&#8221;][vc_column_text css=&#8221;.vc_custom_1590558300319{margin-bottom: 18px !important;}&#8221;]\n<h4 style=\"color: #1e83ec;\">Cine suntem?<\/h4>\n[\/vc_column_text][vc_column_text]<span style=\"color: rgba(0,0,0,0.45);\">Un grup de oameni cu inima deschis\u0103 \u00een a ajuta pe cei din jur, oferind sprijin emo\u0163ional \u015fi spiritual gratuit, \u00een vederea gestion\u0103rii factorilor de stres \u00een aceste vremuri de criz\u0103.<\/span>[\/vc_column_text][divider line_type=&#8221;No Line&#8221; custom_height=&#8221;20&#8243;][vc_column_text css=&#8221;.vc_custom_1590558375075{margin-bottom: 18px !important;}&#8221;]\n<h4 style=\"color: #1e83ec;\">Ce oferim?<\/h4>\n[\/vc_column_text][vc_column_text css=&#8221;.vc_custom_1590558603280{border-bottom-width: 10px !important;}&#8221;]<span style=\"color: rgba(0,0,0,0.45);\">Consiliere spiritual\u0103 \u0219i emo\u021bional\u0103 individual\u0103 pentru<\/span>[\/vc_column_text][divider line_type=&#8221;No Line&#8221; custom_height=&#8221;10&#8243;]<div class=\"nectar-fancy-ul\" data-list-icon=\"icon-salient-thin-line\" data-animation=\"false\" data-animation-delay=\"0\" data-color=\"extra-color-3\" data-spacing=\"default\" data-alignment=\"left\"> \n<ul>\n<li><span style=\"color: #999999;\">persoane aflate \u00een criz\u0103 de identitate<\/span><\/li>\n<li><span style=\"color: #999999;\">persoane cu probleme de anxietate legate de COVID-19, criza economic\u0103, etc<\/span><\/li>\n<li><span style=\"color: #999999;\">persoane care \u0219i-au pierdut \u00eencrederea \u0219i nu mai reu\u0219esc s\u0103 fac\u0103 fa\u021b\u0103 problemelor vie\u021bii<\/span><\/li>\n<li><span style=\"color: #999999;\">persoane care trec printr-o criz\u0103 existential\u0103 \u00een rela\u021bia cu Dumnezeu \u0219i cu semenii<\/span><\/li>\n<li><span style=\"color: #999999;\">persoane izolate ce nu mai reu\u0219esc s\u0103 lege rela\u021bii cu semenii<\/span><\/li>\n<li><span style=\"color: #999999;\">familii cu dificult\u0103\u0163i de rela\u021bionare<\/span><\/li>\n<li><span style=\"color: #999999;\">persoane cu adic\u021bii<\/span><\/li>\n<li><span style=\"color: #999999;\">persoane care au suferit violen\u021be verbale, fizice, sexuale, etc<\/span><\/li>\n<\/ul>\n <\/div>[\/vc_column_inner][\/vc_row_inner][vc_column_text css=&#8221;.vc_custom_1590558418316{margin-bottom: 18px !important;}&#8221;]\n<h4 style=\"color: #1e83ec;\">Modalit\u0103\u0163i de consiliere:<\/h4>\n[\/vc_column_text]<div class=\"nectar-fancy-ul\" data-list-icon=\"icon-salient-thin-line\" data-animation=\"false\" data-animation-delay=\"0\" data-color=\"extra-color-3\" data-spacing=\"default\" data-alignment=\"left\"> \n<ul>\n<li><span style=\"color: #999999;\">online prin telefon, audio sau video, prin Whatsapp, Zoom, Skype, etc<\/span><\/li>\n<li><span style=\"color: #999999;\">la cabinetul consilierului (dup\u0103 relaxarea crizei generate de pandemie)<\/span><\/li>\n<\/ul>\n <\/div>[divider line_type=&#8221;No Line&#8221; custom_height=&#8221;20&#8243;][vc_column_text css=&#8221;.vc_custom_1590558429481{margin-bottom: 18px !important;}&#8221;]\n<h4 style=\"color: #1e83ec;\">Valori:<\/h4>\n[\/vc_column_text]<div class=\"nectar-fancy-ul\" data-list-icon=\"icon-salient-thin-line\" data-animation=\"false\" data-animation-delay=\"0\" data-color=\"extra-color-3\" data-spacing=\"default\" data-alignment=\"left\"> \n<ul>\n<li><span style=\"color: #999999;\">Dragostea fa\u021b\u0103 de oameni, indiferent de trecut, ras\u0103, sex, condi\u021bie social\u0103<\/span><\/li>\n<li><span style=\"color: #999999;\">Empatia fa\u021b\u0103 de cel consiliat<\/span><\/li>\n<li><span style=\"color: #999999;\">Confiden\u021bialitatea detaliilor revelate \u00een cursul \u00eent\u00e2lnirilor<\/span><\/li>\n<li><span style=\"color: #999999;\">Credin\u021ba \u00een Dumnezeu<\/span><\/li>\n<li><span style=\"color: #999999;\">Familia biblic\u0103<\/span><\/li>\n<li><span style=\"color: #999999;\">Adev\u0103rul afirmat \u00een dragoste<\/span><\/li>\n<\/ul>\n <\/div>[\/vc_column][\/vc_row][vc_row type=&#8221;full_width_background&#8221; full_screen_row_position=&#8221;middle&#8221; scene_position=&#8221;center&#8221; text_color=&#8221;dark&#8221; text_align=&#8221;left&#8221; top_padding=&#8221;6%&#8221; bottom_padding=&#8221;6%&#8221; overlay_strength=&#8221;0.3&#8243; shape_divider_position=&#8221;bottom&#8221; bg_image_animation=&#8221;none&#8221; shape_type=&#8221;&#8221;][vc_column column_padding=&#8221;no-extra-padding&#8221; column_padding_position=&#8221;all&#8221; background_color_opacity=&#8221;1&#8243; background_hover_color_opacity=&#8221;1&#8243; column_link_target=&#8221;_self&#8221; column_shadow=&#8221;none&#8221; column_border_radius=&#8221;none&#8221; width=&#8221;1\/2&#8243; tablet_width_inherit=&#8221;default&#8221; tablet_text_alignment=&#8221;default&#8221; phone_text_alignment=&#8221;default&#8221; column_border_width=&#8221;none&#8221; column_border_style=&#8221;solid&#8221; bg_image_animation=&#8221;none&#8221;]<div class=\"iwithtext\"><div class=\"iwt-icon\"> <i class=\"icon-default-style fa fa-pencil-square-o accent-color\"><\/i> <\/div><div class=\"iwt-text\"> SMS \/ WhatsApp: <a href=\"tel:0770-269-921\">0770 269 921<\/a> <\/div><div class=\"clear\"><\/div><\/div>[\/vc_column][vc_column column_padding=&#8221;no-extra-padding&#8221; column_padding_position=&#8221;all&#8221; background_color_opacity=&#8221;1&#8243; background_hover_color_opacity=&#8221;1&#8243; column_link_target=&#8221;_self&#8221; column_shadow=&#8221;none&#8221; column_border_radius=&#8221;none&#8221; width=&#8221;1\/2&#8243; tablet_width_inherit=&#8221;default&#8221; tablet_text_alignment=&#8221;default&#8221; phone_text_alignment=&#8221;default&#8221; column_border_width=&#8221;none&#8221; column_border_style=&#8221;solid&#8221; bg_image_animation=&#8221;none&#8221;]<div class=\"iwithtext\"><div class=\"iwt-icon\"> <i class=\"icon-default-style fa fa-envelope-o accent-color\"><\/i> <\/div><div class=\"iwt-text\"> Email: <a href=\"mailto:impreuna@bisericamanastur.ro\">impreuna@bisericamanastur.ro<\/a> <\/div><div class=\"clear\"><\/div><\/div>[\/vc_column][\/vc_row]\n","protected":false},"excerpt":{"rendered":"<p>[vc_row type=&#8221;full_width_background&#8221; full_screen_row_position=&#8221;middle&#8221; bg_color=&#8221;#333333&#8243; scene_position=&#8221;center&#8221; text_color=&#8221;dark&#8221; text_align=&#8221;left&#8221; top_padding=&#8221;20&#8243; bottom_padding=&#8221;20&#8243; overlay_strength=&#8221;0.3&#8243; shape_divider_position=&#8221;bottom&#8221; bg_image_animation=&#8221;none&#8221; shape_type=&#8221;straight_section&#8221;][vc_column column_padding=&#8221;no-extra-padding&#8221; column_padding_position=&#8221;all&#8221; background_color_opacity=&#8221;1&#8243; background_hover_color_opacity=&#8221;1&#8243; column_link_target=&#8221;_self&#8221; column_shadow=&#8221;none&#8221; column_border_radius=&#8221;none&#8221; width=&#8221;2\/3&#8243; tablet_width_inherit=&#8221;default&#8221; tablet_text_alignment=&#8221;default&#8221; phone_text_alignment=&#8221;default&#8221; column_border_width=&#8221;none&#8221; column_border_style=&#8221;solid&#8221; bg_image_animation=&#8221;none&#8221;][vc_custom_heading source=&#8221;post_title&#8221; font_container=&#8221;tag:h1|font_size:46|text_align:left|color:%23ffffff&#8221; use_theme_fonts=&#8221;yes&#8221;][\/vc_column][vc_column&#8230;<\/p>\n","protected":false},"author":2,"featured_media":0,"parent":0,"menu_order":0,"comment_status":"closed","ping_status":"closed","template":"","meta":{"_acf_changed":false,"footnotes":""},"class_list":["post-7600","page","type-page","status-publish"],"acf":[],"_links":{"self":[{"href":"https:\/\/bisericamanastur.ro\/new\/wp-json\/wp\/v2\/pages\/7600","targetHints":{"allow":["GET"]}}],"collection":[{"href":"https:\/\/bisericamanastur.ro\/new\/wp-json\/wp\/v2\/pages"}],"about":[{"href":"https:\/\/bisericamanastur.ro\/new\/wp-json\/wp\/v2\/types\/page"}],"author":[{"embeddable":true,"href":"https:\/\/bisericamanastur.ro\/new\/wp-json\/wp\/v2\/users\/2"}],"replies":[{"embeddable":true,"href":"https:\/\/bisericamanastur.ro\/new\/wp-json\/wp\/v2\/comments?post=7600"}],"version-history":[{"count":0,"href":"https:\/\/bisericamanastur.ro\/new\/wp-json\/wp\/v2\/pages\/7600\/revisions"}],"wp:attachment":[{"href":"https:\/\/bisericamanastur.ro\/new\/wp-json\/wp\/v2\/media?parent=7600"}],"curies":[{"name":"wp","href":"https:\/\/api.w.org\/{rel}","templated":true}]}}