{"id":6899,"date":"2019-01-30T19:36:02","date_gmt":"2019-01-30T19:36:02","guid":{"rendered":"https:\/\/bisericamanastur.ro\/new\/?page_id=6899"},"modified":"2023-02-27T19:40:10","modified_gmt":"2023-02-27T17:40:10","slug":"doneaza","status":"publish","type":"page","link":"https:\/\/bisericamanastur.ro\/new\/doneaza\/","title":{"rendered":"Doneaz\u0103"},"content":{"rendered":"[vc_row type=&#8221;full_width_background&#8221; full_screen_row_position=&#8221;middle&#8221; bg_color=&#8221;#f5f5f5&#8243; scene_position=&#8221;center&#8221; text_color=&#8221;dark&#8221; text_align=&#8221;left&#8221; top_padding=&#8221;10&#8243; bottom_padding=&#8221;10&#8243; overlay_strength=&#8221;0.3&#8243; shape_divider_position=&#8221;bottom&#8221; bg_image_animation=&#8221;none&#8221; shape_type=&#8221;straight_section&#8221;][vc_column column_padding=&#8221;no-extra-padding&#8221; column_padding_position=&#8221;all&#8221; background_color_opacity=&#8221;1&#8243; background_hover_color_opacity=&#8221;1&#8243; column_link_target=&#8221;_self&#8221; column_shadow=&#8221;none&#8221; column_border_radius=&#8221;none&#8221; width=&#8221;1\/1&#8243; tablet_width_inherit=&#8221;default&#8221; tablet_text_alignment=&#8221;default&#8221; phone_text_alignment=&#8221;default&#8221; column_border_width=&#8221;none&#8221; column_border_style=&#8221;solid&#8221; bg_image_animation=&#8221;none&#8221;][vc_column_text]\t\t\t<!-- Flexy Breadcrumb -->\r\n\t\t\t<div class=\"fbc fbc-page\">\r\n\r\n\t\t\t\t<!-- Breadcrumb wrapper -->\r\n\t\t\t\t<div class=\"fbc-wrap\">\r\n\r\n\t\t\t\t\t<!-- Ordered list-->\r\n\t\t\t\t\t<ol class=\"fbc-items\" itemscope itemtype=\"https:\/\/schema.org\/BreadcrumbList\">\r\n\t\t\t\t\t\t            <li itemprop=\"itemListElement\" itemscope itemtype=\"https:\/\/schema.org\/ListItem\">\r\n                <span itemprop=\"name\">\r\n                    <!-- Home Link -->\r\n                    <a itemprop=\"item\" href=\"https:\/\/bisericamanastur.ro\/new\">\r\n                    \r\n                                                    <i class=\"fa fa-home\" aria-hidden=\"true\"><\/i>Home                    <\/a>\r\n                <\/span>\r\n                <meta itemprop=\"position\" content=\"1\" \/><!-- Meta Position-->\r\n             <\/li><li><span class=\"fbc-separator\">\/<\/span><\/li><li class=\"active\" itemprop=\"itemListElement\" itemscope itemtype=\"https:\/\/schema.org\/ListItem\"><span itemprop=\"name\" title=\"Doneaz\u0103\">Doneaz\u0103<\/span><meta itemprop=\"position\" content=\"2\" \/><\/li>\t\t\t\t\t<\/ol>\r\n\t\t\t\t\t<div class=\"clearfix\"><\/div>\r\n\t\t\t\t<\/div>\r\n\t\t\t<\/div>\r\n\t\t\t[\/vc_column_text][\/vc_column][\/vc_row][vc_row type=&#8221;full_width_background&#8221; full_screen_row_position=&#8221;middle&#8221; scene_position=&#8221;center&#8221; text_color=&#8221;dark&#8221; text_align=&#8221;left&#8221; top_padding=&#8221;6%&#8221; overlay_strength=&#8221;0.3&#8243; shape_divider_position=&#8221;bottom&#8221; bg_image_animation=&#8221;none&#8221; shape_type=&#8221;&#8221;][vc_column column_padding=&#8221;no-extra-padding&#8221; column_padding_position=&#8221;all&#8221; background_color_opacity=&#8221;1&#8243; background_hover_color_opacity=&#8221;1&#8243; column_link_target=&#8221;_self&#8221; column_shadow=&#8221;none&#8221; column_border_radius=&#8221;none&#8221; width=&#8221;1\/6&#8243; tablet_width_inherit=&#8221;default&#8221; tablet_text_alignment=&#8221;default&#8221; phone_text_alignment=&#8221;default&#8221; column_border_width=&#8221;none&#8221; column_border_style=&#8221;solid&#8221; bg_image_animation=&#8221;none&#8221;][\/vc_column][vc_column centered_text=&#8221;true&#8221; column_padding=&#8221;no-extra-padding&#8221; column_padding_position=&#8221;all&#8221; background_color_opacity=&#8221;1&#8243; background_hover_color_opacity=&#8221;1&#8243; column_link_target=&#8221;_self&#8221; column_shadow=&#8221;none&#8221; column_border_radius=&#8221;none&#8221; width=&#8221;2\/3&#8243; tablet_width_inherit=&#8221;default&#8221; tablet_text_alignment=&#8221;default&#8221; phone_text_alignment=&#8221;default&#8221; column_border_width=&#8221;none&#8221; column_border_style=&#8221;solid&#8221; bg_image_animation=&#8221;none&#8221;][vc_column_text]\n<h5 style=\"text-align: center;\">Al\u0103tur\u0103-te \u015fi tu lucr\u0103rii pe care o face Biserica Baptist\u0103 M\u0103n\u0103\u015ftur, contribuind financiar pentru a \u00eemplini viziunea pe care ne-a dat-o Domnul.<br \/>\nOrice sum\u0103 pe care o vei dona va transforma vie\u021bi pentru gloria lui Dumnezeu!<\/h5>\n[\/vc_column_text][divider line_type=&#8221;Small Line&#8221; line_alignment=&#8221;default&#8221; line_thickness=&#8221;4&#8243; divider_color=&#8221;extra-color-1&#8243;][vc_column_text]\n<p style=\"text-align: center;\">\t<div id=\"give-form-8777-wrap\" class=\"give-form-wrap give-display-onpage\">\n\t\t\t\t\t<form id=\"give-form-8777-1\" class=\"give-form give-form-8777 give-form-type-multi\" action=\"https:\/\/bisericamanastur.ro\/new\/wp-json\/wp\/v2\/pages\/6899\/?payment-mode=stripe&form-id=8777\" data-id=\"8777-1\" data-currency_symbol=\"RON\" data-currency_code=\"RON\" data-currency_position=\"after\" data-thousands_separator=\".\" data-decimal_separator=\",\" data-number_decimals=\"2\" data-publishable-key=\"pk_live_51JtqjnHzHIXIWGPrESMES3wKYDx4xYRLlwxdo9tkqf3kNtyrv4jdFIqVeOrGrZZ0LpSLjKNQ4SPu3rI0kvBZtlUD000wP6O9jv\" data-account=\"acct_1JtqjnHzHIXIWGPr\" method=\"post\">\n\t\t\t\t<!-- The following field is for robots only, invisible to humans: -->\n\t\t\t\t<span class=\"give-hidden\" style=\"display: none !important;\">\n\t\t\t\t\t<label for=\"give-form-honeypot-8777\"><\/label>\n\t\t\t\t\t<input id=\"give-form-honeypot-8777\" type=\"text\" name=\"give-honeypot\"\n\t\t\t\t\t\t   class=\"give-honeypot give-hidden\"\/>\n\t\t\t\t<\/span>\n\n\t\t\t\t\t<input type=\"hidden\" name=\"give-form-id-prefix\" value=\"8777-1\"\/>\n\t<input type=\"hidden\" name=\"give-form-id\" value=\"8777\"\/>\n\t<input type=\"hidden\" name=\"give-form-title\" value=\"Donatii BBM\"\/>\n\t<input type=\"hidden\" name=\"give-current-url\" value=\"https:\/\/bisericamanastur.ro\/new\/wp-json\/wp\/v2\/pages\/6899\/\"\/>\n\t<input type=\"hidden\" name=\"give-form-url\" value=\"https:\/\/bisericamanastur.ro\/new\/wp-json\/wp\/v2\/pages\/6899\/\"\/>\n\t\t\t<input type=\"hidden\" name=\"give-form-minimum\"\n\t\t\t   value=\"25.00\"\/>\n\t\t<input type=\"hidden\" name=\"give-form-maximum\"\n\t\t\t   value=\"999999.99\"\/>\n\t\t<input type=\"hidden\"  name=\"give-form-hash\" value=\"541b07c005\" data-time=\"1776955931\" data-nonce-life=\"86400\" data-donor-session=\"0\"\/><input type=\"hidden\" name=\"give-price-id\" value=\"0\"\/>\t\t<div class=\"give-total-wrap\">\n\t\t\t<div class=\"give-donation-amount form-row-wide\">\n\t\t\t\t\t\t\t\t<label class=\"give-hidden\" for=\"give-amount\">Donation Amount:<\/label>\n\t\t\t\t<input class=\"give-text-input give-amount-top\" id=\"give-amount\" name=\"give-amount\" type=\"text\" inputmode=\"decimal\"\n\t\t\t\t\t   placeholder=\"\" value=\"25,00\" autocomplete=\"off\">\n\t\t\t\t<span class=\"give-currency-symbol give-currency-position-after\">RON<\/span>\t\t\t<\/div>\n\t\t<\/div>\n\t\t<ul id=\"give-donation-level-button-wrap\" class=\"give-donation-levels-wrap give-list-inline\"><li><button type=\"button\" data-price-id=\"0\" class=\"give-donation-level-btn give-btn give-btn-level-0 give-default-level\" value=\"25,00\" data-default=\"1\">25,00 RON<\/button><\/li><li><button type=\"button\" data-price-id=\"1\" class=\"give-donation-level-btn give-btn give-btn-level-1 \" value=\"50,00\" data-default=\"0\">50,00 RON<\/button><\/li><li><button type=\"button\" data-price-id=\"2\" class=\"give-donation-level-btn give-btn give-btn-level-2 \" value=\"100,00\" data-default=\"0\">100,00 RON<\/button><\/li><li><button type=\"button\" data-price-id=\"3\" class=\"give-donation-level-btn give-btn give-btn-level-3 \" value=\"150,00\" data-default=\"0\">150,00 RON<\/button><\/li><li><button type=\"button\" data-price-id=\"4\" class=\"give-donation-level-btn give-btn give-btn-level-4 \" value=\"200,00\" data-default=\"0\">200,00 RON<\/button><\/li><li><button type=\"button\" data-price-id=\"5\" class=\"give-donation-level-btn give-btn give-btn-level-5 \" value=\"250,00\" data-default=\"0\">250,00 RON<\/button><\/li><li><button type=\"button\" data-price-id=\"custom\" class=\"give-donation-level-btn give-btn give-btn-level-custom\" value=\"custom\">INTRODU ALT\u0102 SUM\u0102<\/button><\/li><\/ul><input id=\"give-stripe-payment-method-8777-1\" type=\"hidden\" name=\"give_stripe_payment_method\" value=\"\">\n\t<fieldset id=\"give-payment-mode-select\" style=\"display: none;\">\n\t\t\t\t<legend\n\t\t\tclass=\"give-payment-mode-label\">Select Payment Method\t\t\t<span class=\"give-loading-text\"><span\n\t\t\t\t\tclass=\"give-loading-animation\"><\/span>\n\t\t\t<\/span>\n\t\t<\/legend>\n\n\t\t<div id=\"give-payment-mode-wrap\">\n\t\t\t\t\t\t<ul id=\"give-gateway-radio-list\">\n\t\t\t\t\t\t\t\t\t\t<li class=\"give-gateway-option-selected\">\n\t\t\t\t\t\t\t<input type=\"radio\" name=\"payment-mode\" class=\"give-gateway\"\n\t\t\t\t\t\t\t\t   id=\"give-gateway-stripe-8777-1\"\n\t\t\t\t\t\t\t\t   value=\"stripe\" checked='checked'>\n\t\t\t\t\t\t\t<label for=\"give-gateway-stripe-8777-1\"\n\t\t\t\t\t\t\t\t   class=\"give-gateway-option\"\n\t\t\t\t\t\t\t\t   id=\"give-gateway-option-stripe\"> Stripe - Credit Card<\/label>\n\t\t\t\t\t\t<\/li>\n\t\t\t\t\t\t\t\t\t<\/ul>\n\t\t\t\t\t<\/div>\n\t\t\t<\/fieldset>\n\n\t\n\t<div id=\"give_purchase_form_wrap\">\n\n\t\t\t<fieldset id=\"give_checkout_user_info\" class=\"\">\n\t\t<legend>\n\t\t\tInforma\u021bii personale\t\t<\/legend>\n\n\t\t\n        <p id=\"give-first-name-wrap\" class=\"form-row form-row-first form-row-responsive\">\n            <label class=\"give-label\" for=\"give-first\">\n                Prenume                                    <span class=\"give-required-indicator\">*<\/span>\n                                <span class=\"give-tooltip hint--top hint--medium hint--bounce\" aria-label=\"Prenumele este folosit pentru a v\u0103 personaliza \u00eenregistrarea dona\u021biilor.\" rel=\"tooltip\"><i class=\"give-icon give-icon-question\"><\/i><\/span>            <\/label>\n            <input\n                class=\"give-input required\"\n                type=\"text\"\n                name=\"give_first\"\n                autocomplete=\"given-name\"\n                placeholder=\"Prenume\"\n                id=\"give-first\"\n                value=\"\"\n                 required aria-required=\"true\"             \/>\n        <\/p>\n\n        <p id=\"give-last-name-wrap\" class=\"form-row form-row-last form-row-responsive\">\n            <label class=\"give-label\" for=\"give-last\">\n                Nume                                <span class=\"give-tooltip hint--top hint--medium hint--bounce\" aria-label=\"Numele de familie este folosit pentru a v\u0103 personaliza \u00eenregistrarea dona\u021biilor.\" rel=\"tooltip\"><i class=\"give-icon give-icon-question\"><\/i><\/span>            <\/label>\n\n            <input\n                class=\"give-input\"\n                type=\"text\"\n                name=\"give_last\"\n                autocomplete=\"family-name\"\n                id=\"give-last\"\n                placeholder=\"Nume\"\n                value=\"\"\n                            \/>\n        <\/p>\n\n        \n                <p id=\"give-email-wrap\" class=\"form-row form-row-wide\">\n            <label class=\"give-label\" for=\"give-email\">\n                Email                                     <span class=\"give-required-indicator\">*<\/span>\n                                    <span class=\"give-tooltip hint--top hint--medium hint--bounce\" aria-label=\"Vom trimite confirmarea de dona\u021bie la aceast\u0103 adres\u0103.\" rel=\"tooltip\"><i class=\"give-icon give-icon-question\"><\/i><\/span>            <\/label>\n            <input\n                class=\"give-input required\"\n                type=\"email\"\n                name=\"give_email\"\n                autocomplete=\"email\"\n                placeholder=\"Email \"\n                id=\"give-email\"\n                value=\"\"\n                 required aria-required=\"true\"             \/>\n\n        <\/p>\n\n        \n\t\t\t\t\t<p id=\"give-comment-wrap\" class=\"form-row form-row-wide\">\n\t\t\t\t<label class=\"give-label\" for=\"give-comment\">\n\t\t\t\t\tDestinatie donatie\t\t\t\t\t\t\t\t\t\t<span class=\"give-tooltip hint--top hint--medium hint--bounce\" aria-label=\"Dori\u021bi s\u0103 ad\u0103uga\u021bi un comentariu la mesaj la dona\u021bie?\" rel=\"tooltip\"><i class=\"give-icon give-icon-question\"><\/i><\/span>\t\t\t\t<\/label>\n\n\t\t\t\t<textarea\n\t\t\t\t\tclass=\"give-input\"\n\t\t\t\t\tname=\"give_comment\"\n\t\t\t\t\tplaceholder=\"Adaug\u0103 destina\u021bie dona\u021bie: evanghelizare, misiune, ajutorare, renovare, copii, tineri, familii ....\"\n\t\t\t\t\tid=\"give-comment\"\n\t\t\t\t\t\t\t\t\t><\/textarea>\n\n\t\t\t<\/p>\n\t\t\t\t\t<\/fieldset>\n\t\n        <fieldset id=\"give_cc_fields\" class=\"give-do-validate\">\n            <legend>\n                Informa\u021bii despre card            <\/legend>\n\n                            <div id=\"give_secure_site_wrapper\">\n                    <span class=\"give-icon padlock\"><\/span>\n                    <span>\n\t\t\t\t\tAceasta este o plat\u0103 securizat\u0103 criptat\u0103 SSL.\t\t\t\t<\/span>\n                <\/div>\n                            <div id=\"give-card-number-wrap-8777-1\"\n                 class=\"form-row form-row-two-thirds form-row-responsive give-stripe-cc-field-wrap\">\n                <div>\n                    <label for=\"give-card-number-field-8777-1\" class=\"give-label\">\n                        Num\u0103rul de card                        <span class=\"give-required-indicator\">*<\/span>\n                        <span class=\"give-tooltip give-icon give-icon-question\"\n                              data-tooltip=\"Cele (de obicei) 16 cifre de pe partea din fa\u021b\u0103 a cardului dvs. de credit.\"><\/span>\n                        <span class=\"card-type\"><\/span>\n                    <\/label>\n                    <div id=\"give-card-number-field-8777-1\"\n                         class=\"input empty give-stripe-cc-field give-stripe-card-number-field\"><\/div>\n                <\/div>\n            <\/div>\n\n            <div id=\"give-card-cvc-wrap-8777-1\"\n                 class=\"form-row form-row-one-third form-row-responsive give-stripe-cc-field-wrap\">\n                <div>\n                    <label for=\"give-card-cvc-field-8777-1\" class=\"give-label\">\n                        CVC                        <span class=\"give-required-indicator\">*<\/span>\n                        <span class=\"give-tooltip give-icon give-icon-question\"\n                              data-tooltip=\"Valoarea de 3 cifre (spate) sau 4 cifre (fa\u021b\u0103) de pe cardul dvs.\"><\/span>\n                    <\/label>\n                    <div id=\"give-card-cvc-field-8777-1\"\n                         class=\"input empty give-stripe-cc-field give-stripe-card-cvc-field\"><\/div>\n                <\/div>\n            <\/div>\n\n            <div id=\"give-card-name-wrap-8777-1\" class=\"form-row form-row-two-thirds form-row-responsive\">\n                <label for=\"give-card-name-field-8777-1\" class=\"give-label\">\n                    Nume de\u021bin\u0103tor card                    <span class=\"give-required-indicator\">*<\/span>\n                    <span class=\"give-tooltip give-icon give-icon-question\"\n                          data-tooltip=\"Numele titularului cardului de credit.\"><\/span>\n                <\/label>\n                <input\n                    type=\"text\"\n                    autocomplete=\"off\"\n                    id=\"give-card-name-field-8777-1\"\n                    name=\"card_name\"\n                    class=\"card-name give-input required\"\n                    placeholder=\"Nume de\u021bin\u0103tor card\"\n                \/>\n            <\/div>\n\n            \n            <div id=\"give-card-expiration-wrap-8777-1\"\n                 class=\"card-expiration form-row form-row-one-third form-row-responsive give-stripe-cc-field-wrap\">\n                <div>\n                    <label for=\"give-card-expiration-field-8777-1\" class=\"give-label\">\n                        Expirare                        <span class=\"give-required-indicator\">*<\/span>\n                        <span class=\"give-tooltip give-icon give-icon-question\"\n                              data-tooltip=\"The date your credit card expires, typically on the front of the card.\"><\/span>\n                    <\/label>\n\n                    <div id=\"give-card-expiration-field-8777-1\"\n                         class=\"input empty give-stripe-cc-field give-stripe-card-expiration-field\"><\/div>\n                <\/div>\n            <\/div>\n                    <\/fieldset>\n        <div id=\"give-stripe-payment-errors-8777-1\"><\/div>\t<fieldset id=\"give_purchase_submit\" class=\"give-donation-submit\">\n\t\t\t<p id=\"give-final-total-wrap\" class=\"form-wrap \">\n\t\t\t\t<span class=\"give-donation-total-label\">\n\t\t\tTotal donatie:\t\t<\/span>\n\t\t<span class=\"give-final-total-amount\"\n\t\t\t  data-total=\"25,00\">\n\t\t\t25,00 RON\t\t<\/span>\n\t\t\t<\/p>\n\t\t<input type=\"hidden\" name=\"give_action\" value=\"purchase\"\/>\n\t<input type=\"hidden\" name=\"give-gateway\" value=\"stripe\"\/>\n\t\t<div class=\"give-submit-button-wrap give-clearfix\">\n\t\t<input type=\"submit\" class=\"give-submit give-btn\" id=\"give-purchase-button\" name=\"give-purchase\"\n\t\t\t   value=\"Doneaz\u0103 acum\" data-before-validation-label=\"Doneaz\u0103 acum\"\/>\n\t\t<span class=\"give-loading-animation\"><\/span>\n\t<\/div>\n\t\t<\/fieldset>\n\t\n\t<\/div>\n\n\t\t\t\t<\/form>\n\n\t\t\t\n\t<\/div><!--end #give-form-8777-->\n\t\n[\/vc_column_text][divider line_type=&#8221;No Line&#8221; custom_height=&#8221;30&#8243;][\/vc_column][vc_column column_padding=&#8221;no-extra-padding&#8221; column_padding_position=&#8221;all&#8221; background_color_opacity=&#8221;1&#8243; background_hover_color_opacity=&#8221;1&#8243; column_link_target=&#8221;_self&#8221; column_shadow=&#8221;none&#8221; column_border_radius=&#8221;none&#8221; width=&#8221;1\/6&#8243; tablet_width_inherit=&#8221;default&#8221; tablet_text_alignment=&#8221;default&#8221; phone_text_alignment=&#8221;default&#8221; column_border_width=&#8221;none&#8221; column_border_style=&#8221;solid&#8221; bg_image_animation=&#8221;none&#8221;][\/vc_column][\/vc_row][vc_row type=&#8221;full_width_background&#8221; full_screen_row_position=&#8221;middle&#8221; bg_color=&#8221;#f6f6f6&#8243; scene_position=&#8221;center&#8221; text_color=&#8221;dark&#8221; text_align=&#8221;left&#8221; top_padding=&#8221;4%&#8221; bottom_padding=&#8221;8%&#8221; overlay_strength=&#8221;0.3&#8243; shape_divider_position=&#8221;bottom&#8221; bg_image_animation=&#8221;none&#8221; shape_type=&#8221;&#8221;][vc_column column_padding=&#8221;no-extra-padding&#8221; column_padding_position=&#8221;all&#8221; background_color_opacity=&#8221;1&#8243; background_hover_color_opacity=&#8221;1&#8243; column_link_target=&#8221;_self&#8221; column_shadow=&#8221;none&#8221; column_border_radius=&#8221;none&#8221; width=&#8221;1\/6&#8243; tablet_width_inherit=&#8221;default&#8221; tablet_text_alignment=&#8221;default&#8221; phone_text_alignment=&#8221;default&#8221; column_border_width=&#8221;none&#8221; column_border_style=&#8221;solid&#8221; bg_image_animation=&#8221;none&#8221;][\/vc_column][vc_column centered_text=&#8221;true&#8221; column_padding=&#8221;no-extra-padding&#8221; column_padding_position=&#8221;all&#8221; background_color_opacity=&#8221;1&#8243; background_hover_color_opacity=&#8221;1&#8243; column_link_target=&#8221;_self&#8221; column_shadow=&#8221;none&#8221; column_border_radius=&#8221;none&#8221; width=&#8221;2\/3&#8243; tablet_width_inherit=&#8221;default&#8221; tablet_text_alignment=&#8221;default&#8221; phone_text_alignment=&#8221;default&#8221; column_border_width=&#8221;none&#8221; column_border_style=&#8221;solid&#8221; bg_image_animation=&#8221;none&#8221;][vc_column_text]\n<p style=\"text-align: center;\">Dona\u021biile se pot trimite \u00een conturile bisericii deschise \u00een lei \u0219i valut\u0103 la CEC Bank \u0219i Banca Transilvania.<br \/>\nDumnezeu s\u0103 te r\u0103spl\u0103teasc\u0103!<\/p>\n[\/vc_column_text][divider line_type=&#8221;No Line&#8221; custom_height=&#8221;30&#8243;][vc_custom_heading text=&#8221;Dona\u021bii \u00een RON:&#8221; font_container=&#8221;tag:h3|text_align:center&#8221; use_theme_fonts=&#8221;yes&#8221; css_animation=&#8221;none&#8221;][divider line_type=&#8221;No Line&#8221; custom_height=&#8221;15&#8243;][vc_column_text]\n<p style=\"text-align: center;\">CEC Bank<br \/>\nIBAN: RO12CECECJ0136RON0101677<br \/>\nBanca Transilvania<br \/>\nIBAN: RO70BTRL01301205433289XX<\/p>\n[\/vc_column_text][divider line_type=&#8221;No Line&#8221; custom_height=&#8221;30&#8243;][vc_custom_heading text=&#8221;Dona\u021bii \u00een valut\u0103:&#8221; font_container=&#8221;tag:h3|text_align:center&#8221; use_theme_fonts=&#8221;yes&#8221; css_animation=&#8221;none&#8221;][divider line_type=&#8221;No Line&#8221; custom_height=&#8221;15&#8243;][vc_column_text]\n<p style=\"text-align: center;\">EURO\u00a0 \u2013 IBAN: RO19BTRL01304205433289XX<br \/>\nDOLARI \u2013 IBAN: RO66BTRL06602205433289XX<br \/>\nLire (GBP) \u2013 IBAN: RO65BTRL01307205433289XX<br \/>\nBANCA TRANSILVANIA, Cod SWIFT: BTRLRO22<\/p>\n[\/vc_column_text][\/vc_column][vc_column column_padding=&#8221;no-extra-padding&#8221; column_padding_position=&#8221;all&#8221; background_color_opacity=&#8221;1&#8243; background_hover_color_opacity=&#8221;1&#8243; column_link_target=&#8221;_self&#8221; column_shadow=&#8221;none&#8221; column_border_radius=&#8221;none&#8221; width=&#8221;1\/6&#8243; tablet_width_inherit=&#8221;default&#8221; tablet_text_alignment=&#8221;default&#8221; phone_text_alignment=&#8221;default&#8221; column_border_width=&#8221;none&#8221; column_border_style=&#8221;solid&#8221; bg_image_animation=&#8221;none&#8221;][\/vc_column][\/vc_row][vc_row type=&#8221;full_width_background&#8221; full_screen_row_position=&#8221;middle&#8221; bg_image=&#8221;6906&#8243; bg_position=&#8221;center center&#8221; bg_repeat=&#8221;no-repeat&#8221; bg_color=&#8221;#272729&#8243; scene_position=&#8221;center&#8221; text_color=&#8221;light&#8221; text_align=&#8221;left&#8221; top_padding=&#8221;8%&#8221; bottom_padding=&#8221;8%&#8221; color_overlay=&#8221;rgba(28,28,30,0.93)&#8221; overlay_strength=&#8221;0.95&#8243; shape_divider_position=&#8221;bottom&#8221; bg_image_animation=&#8221;none&#8221; shape_type=&#8221;&#8221;][vc_column column_padding=&#8221;no-extra-padding&#8221; column_padding_position=&#8221;all&#8221; background_color_opacity=&#8221;1&#8243; background_hover_color_opacity=&#8221;1&#8243; column_link_target=&#8221;_self&#8221; column_shadow=&#8221;none&#8221; column_border_radius=&#8221;none&#8221; width=&#8221;2\/3&#8243; tablet_width_inherit=&#8221;default&#8221; tablet_text_alignment=&#8221;default&#8221; phone_text_alignment=&#8221;default&#8221; column_border_width=&#8221;none&#8221; column_border_style=&#8221;solid&#8221; bg_image_animation=&#8221;none&#8221;][vc_custom_heading source=&#8221;post_title&#8221; use_theme_fonts=&#8221;yes&#8221;][divider line_type=&#8221;No Line&#8221; custom_height=&#8221;30&#8243;][vc_custom_heading text=&#8221;<em> \u201eCine seam\u0103n\u0103 pu\u0163in, pu\u0163in va secera; iar cine seam\u0103n\u0103 mult, mult va secera.<\/em><\/p>\n<p><em>Fiecare s\u0103 dea dup\u0103 cum a hot\u0103r\u00e2t \u00een inima lui: <\/em><em>nu cu p\u0103rere de r\u0103u, sau de sil\u0103, c\u0103ci pe cine d\u0103 cu bucurie, \u00eel iube\u015fte Dumnezeu.\u201d<\/em><\/p>\n<p><em>2 Corinteni 9:6-7<\/em>&#8221; font_container=&#8221;tag:h6|text_align:left|color:%23ffffff&#8221; use_theme_fonts=&#8221;yes&#8221;][\/vc_column][vc_column column_padding=&#8221;no-extra-padding&#8221; column_padding_position=&#8221;all&#8221; background_color_opacity=&#8221;1&#8243; background_hover_color_opacity=&#8221;1&#8243; column_link_target=&#8221;_self&#8221; column_shadow=&#8221;none&#8221; column_border_radius=&#8221;none&#8221; width=&#8221;1\/3&#8243; tablet_width_inherit=&#8221;default&#8221; tablet_text_alignment=&#8221;default&#8221; phone_text_alignment=&#8221;default&#8221; column_border_width=&#8221;none&#8221; column_border_style=&#8221;solid&#8221; bg_image_animation=&#8221;none&#8221;][\/vc_column][\/vc_row]\n","protected":false},"excerpt":{"rendered":"<p>[vc_row type=&#8221;full_width_background&#8221; full_screen_row_position=&#8221;middle&#8221; bg_color=&#8221;#f5f5f5&#8243; scene_position=&#8221;center&#8221; text_color=&#8221;dark&#8221; text_align=&#8221;left&#8221; top_padding=&#8221;10&#8243; bottom_padding=&#8221;10&#8243; overlay_strength=&#8221;0.3&#8243; shape_divider_position=&#8221;bottom&#8221; bg_image_animation=&#8221;none&#8221; shape_type=&#8221;straight_section&#8221;][vc_column column_padding=&#8221;no-extra-padding&#8221; column_padding_position=&#8221;all&#8221; background_color_opacity=&#8221;1&#8243; background_hover_color_opacity=&#8221;1&#8243; column_link_target=&#8221;_self&#8221; column_shadow=&#8221;none&#8221; column_border_radius=&#8221;none&#8221; width=&#8221;1\/1&#8243; tablet_width_inherit=&#8221;default&#8221; tablet_text_alignment=&#8221;default&#8221; phone_text_alignment=&#8221;default&#8221; column_border_width=&#8221;none&#8221; column_border_style=&#8221;solid&#8221; bg_image_animation=&#8221;none&#8221;][vc_column_text][\/vc_column_text][\/vc_column][\/vc_row][vc_row type=&#8221;full_width_background&#8221; full_screen_row_position=&#8221;middle&#8221; scene_position=&#8221;center&#8221;&#8230;<\/p>\n","protected":false},"author":2,"featured_media":0,"parent":0,"menu_order":0,"comment_status":"closed","ping_status":"closed","template":"","meta":{"_acf_changed":false,"footnotes":""},"class_list":["post-6899","page","type-page","status-publish"],"acf":[],"_links":{"self":[{"href":"https:\/\/bisericamanastur.ro\/new\/wp-json\/wp\/v2\/pages\/6899","targetHints":{"allow":["GET"]}}],"collection":[{"href":"https:\/\/bisericamanastur.ro\/new\/wp-json\/wp\/v2\/pages"}],"about":[{"href":"https:\/\/bisericamanastur.ro\/new\/wp-json\/wp\/v2\/types\/page"}],"author":[{"embeddable":true,"href":"https:\/\/bisericamanastur.ro\/new\/wp-json\/wp\/v2\/users\/2"}],"replies":[{"embeddable":true,"href":"https:\/\/bisericamanastur.ro\/new\/wp-json\/wp\/v2\/comments?post=6899"}],"version-history":[{"count":0,"href":"https:\/\/bisericamanastur.ro\/new\/wp-json\/wp\/v2\/pages\/6899\/revisions"}],"wp:attachment":[{"href":"https:\/\/bisericamanastur.ro\/new\/wp-json\/wp\/v2\/media?parent=6899"}],"curies":[{"name":"wp","href":"https:\/\/api.w.org\/{rel}","templated":true}]}}