{"id":6587,"date":"2018-12-18T22:45:54","date_gmt":"2018-12-18T22:45:54","guid":{"rendered":"https:\/\/bisericamanastur.ro\/new\/?page_id=6587"},"modified":"2022-09-15T11:31:07","modified_gmt":"2022-09-15T09:31:07","slug":"cum-devin-membru","status":"publish","type":"page","link":"https:\/\/bisericamanastur.ro\/new\/cum-devin-membru\/","title":{"rendered":"Cum devin membru"},"content":{"rendered":"[vc_row type=&#8221;full_width_background&#8221; full_screen_row_position=&#8221;middle&#8221; bg_color=&#8221;#f6f6f6&#8243; scene_position=&#8221;center&#8221; text_color=&#8221;dark&#8221; text_align=&#8221;left&#8221; top_padding=&#8221;10&#8243; bottom_padding=&#8221;10&#8243; overlay_strength=&#8221;0.3&#8243; shape_divider_position=&#8221;bottom&#8221; bg_image_animation=&#8221;none&#8221; shape_type=&#8221;straight_section&#8221;][vc_column column_padding=&#8221;no-extra-padding&#8221; column_padding_position=&#8221;all&#8221; background_color_opacity=&#8221;1&#8243; background_hover_color_opacity=&#8221;1&#8243; column_link_target=&#8221;_self&#8221; column_shadow=&#8221;none&#8221; column_border_radius=&#8221;none&#8221; width=&#8221;1\/1&#8243; tablet_width_inherit=&#8221;default&#8221; tablet_text_alignment=&#8221;default&#8221; phone_text_alignment=&#8221;default&#8221; column_border_width=&#8221;none&#8221; column_border_style=&#8221;solid&#8221; bg_image_animation=&#8221;none&#8221;][vc_column_text]\t\t\t<!-- Flexy Breadcrumb -->\r\n\t\t\t<div class=\"fbc fbc-page\">\r\n\r\n\t\t\t\t<!-- Breadcrumb wrapper -->\r\n\t\t\t\t<div class=\"fbc-wrap\">\r\n\r\n\t\t\t\t\t<!-- Ordered list-->\r\n\t\t\t\t\t<ol class=\"fbc-items\" itemscope itemtype=\"https:\/\/schema.org\/BreadcrumbList\">\r\n\t\t\t\t\t\t            <li itemprop=\"itemListElement\" itemscope itemtype=\"https:\/\/schema.org\/ListItem\">\r\n                <span itemprop=\"name\">\r\n                    <!-- Home Link -->\r\n                    <a itemprop=\"item\" href=\"https:\/\/bisericamanastur.ro\/new\">\r\n                    \r\n                                                    <i class=\"fa fa-home\" aria-hidden=\"true\"><\/i>Home                    <\/a>\r\n                <\/span>\r\n                <meta itemprop=\"position\" content=\"1\" \/><!-- Meta Position-->\r\n             <\/li><li><span class=\"fbc-separator\">\/<\/span><\/li><li class=\"active\" itemprop=\"itemListElement\" itemscope itemtype=\"https:\/\/schema.org\/ListItem\"><span itemprop=\"name\" title=\"Cum devin membru\">Cum devin membru<\/span><meta itemprop=\"position\" content=\"2\" \/><\/li>\t\t\t\t\t<\/ol>\r\n\t\t\t\t\t<div class=\"clearfix\"><\/div>\r\n\t\t\t\t<\/div>\r\n\t\t\t<\/div>\r\n\t\t\t[\/vc_column_text][\/vc_column][\/vc_row][vc_row type=&#8221;full_width_background&#8221; full_screen_row_position=&#8221;middle&#8221; bg_image=&#8221;8447&#8243; bg_position=&#8221;left top&#8221; bg_repeat=&#8221;no-repeat&#8221; scene_position=&#8221;center&#8221; video_bg=&#8221;use_video&#8221; text_color=&#8221;light&#8221; text_align=&#8221;left&#8221; top_padding=&#8221;13%&#8221; bottom_padding=&#8221;13%&#8221; color_overlay=&#8221;#0a0a0a&#8221; overlay_strength=&#8221;0.5&#8243; shape_divider_position=&#8221;bottom&#8221; bg_image_animation=&#8221;none&#8221; parallax_bg=&#8221;true&#8221; parallax_bg_speed=&#8221;fast&#8221; video_mute=&#8221;true&#8221; shape_type=&#8221;&#8221;][vc_column column_padding=&#8221;no-extra-padding&#8221; column_padding_position=&#8221;all&#8221; background_color_opacity=&#8221;1&#8243; background_hover_color_opacity=&#8221;1&#8243; column_link_target=&#8221;_self&#8221; column_shadow=&#8221;none&#8221; column_border_radius=&#8221;none&#8221; width=&#8221;2\/3&#8243; tablet_width_inherit=&#8221;default&#8221; tablet_text_alignment=&#8221;default&#8221; phone_text_alignment=&#8221;default&#8221; column_border_width=&#8221;none&#8221; column_border_style=&#8221;solid&#8221; bg_image_animation=&#8221;none&#8221;][vc_custom_heading text=&#8221;Membralitate&#8221; font_container=&#8221;tag:h2|text_align:left|color:%23ffffff&#8221; use_theme_fonts=&#8221;yes&#8221; css_animation=&#8221;none&#8221;][vc_row_inner column_margin=&#8221;default&#8221; top_padding=&#8221;20&#8243; text_align=&#8221;left&#8221;][vc_column_inner column_padding=&#8221;no-extra-padding&#8221; column_padding_position=&#8221;all&#8221; background_color_opacity=&#8221;1&#8243; background_hover_color_opacity=&#8221;1&#8243; column_shadow=&#8221;none&#8221; column_border_radius=&#8221;none&#8221; column_link_target=&#8221;_self&#8221; width=&#8221;5\/6&#8243; tablet_width_inherit=&#8221;default&#8221; column_border_width=&#8221;none&#8221; column_border_style=&#8221;solid&#8221; bg_image_animation=&#8221;none&#8221;][vc_custom_heading text=&#8221;Biserica lui Dumnezeu (Trupul lui Hristos) este alc\u0103tuit\u0103 din oameni care \u201em\u0103rturisesc c\u0103 Isus este Domn \u015fi cred c\u0103 Dumnezeu L-a \u00eenviat din mor\u0163i\u201d (Romani 10:9-10). Ace\u015ftia sunt oameni care se pun la dispozi\u0163ia lui Dumnezeu \u015fi se dedic\u0103 s\u0103 \u00eemplineasc\u0103 \u201efaptele bune pe care le-a preg\u0103tit Dumnezeu mai dinainte ca s\u0103 umbl\u0103m \u00een ele\u201d (Efeseni 2:10).&#8221; font_container=&#8221;tag:p|font_size:18|text_align:left|color:%23ffffff|line_height:22px&#8221; use_theme_fonts=&#8221;yes&#8221;][vc_custom_heading text=&#8221;\u00cen acela\u015fi timp, a fi membru \u00een biserica lui Dumnezeu \u00eenseamn\u0103 s\u0103 ne lu\u0103m \u00een serios menirea de fra\u0163i \u015fi surori \u00een Isus Hristos, prin vegherea \u201eunii asupra altora, ca s\u0103 ne \u00eendemn\u0103m la dragoste \u015fi la fapte bune\u201d (Evrei 10:24).&#8221; font_container=&#8221;tag:p|font_size:18|text_align:left|color:%23ffffff|line_height:22px&#8221; use_theme_fonts=&#8221;yes&#8221;][\/vc_column_inner][vc_column_inner column_padding=&#8221;no-extra-padding&#8221; column_padding_position=&#8221;all&#8221; background_color_opacity=&#8221;1&#8243; background_hover_color_opacity=&#8221;1&#8243; column_shadow=&#8221;none&#8221; column_border_radius=&#8221;none&#8221; column_link_target=&#8221;_self&#8221; width=&#8221;1\/6&#8243; tablet_width_inherit=&#8221;default&#8221; column_border_width=&#8221;none&#8221; column_border_style=&#8221;solid&#8221; bg_image_animation=&#8221;none&#8221;][\/vc_column_inner][\/vc_row_inner][\/vc_column][vc_column column_padding=&#8221;no-extra-padding&#8221; column_padding_position=&#8221;all&#8221; background_color_opacity=&#8221;1&#8243; background_hover_color_opacity=&#8221;1&#8243; column_link_target=&#8221;_self&#8221; column_shadow=&#8221;none&#8221; column_border_radius=&#8221;none&#8221; width=&#8221;1\/3&#8243; tablet_width_inherit=&#8221;default&#8221; tablet_text_alignment=&#8221;default&#8221; phone_text_alignment=&#8221;default&#8221; column_border_width=&#8221;none&#8221; column_border_style=&#8221;solid&#8221; bg_image_animation=&#8221;none&#8221;][\/vc_column][\/vc_row][vc_row type=&#8221;full_width_background&#8221; full_screen_row_position=&#8221;middle&#8221; bg_color=&#8221;#ffffff&#8221; scene_position=&#8221;center&#8221; text_color=&#8221;dark&#8221; text_align=&#8221;left&#8221; top_padding=&#8221;60&#8243; id=&#8221;MEMBRALITATE&#8221; overlay_strength=&#8221;0.3&#8243; shape_divider_position=&#8221;bottom&#8221; bg_image_animation=&#8221;none&#8221; shape_type=&#8221;&#8221;][vc_column column_padding=&#8221;no-extra-padding&#8221; column_padding_position=&#8221;all&#8221; background_color_opacity=&#8221;1&#8243; background_hover_color_opacity=&#8221;1&#8243; column_link_target=&#8221;_self&#8221; column_shadow=&#8221;none&#8221; column_border_radius=&#8221;none&#8221; width=&#8221;1\/1&#8243; tablet_width_inherit=&#8221;default&#8221; tablet_text_alignment=&#8221;default&#8221; phone_text_alignment=&#8221;default&#8221; column_border_width=&#8221;none&#8221; column_border_style=&#8221;solid&#8221; bg_image_animation=&#8221;none&#8221;][tabbed_section style=&#8221;minimal&#8221; alignment=&#8221;left&#8221; spacing=&#8221;side-20px&#8221; tab_color=&#8221;Accent-Color&#8221; cta_button_style=&#8221;accent-color&#8221; icon_size=&#8221;24&#8243;][tab icon_family=&#8221;none&#8221; title=&#8221;Cum devin membru&#8221; id=&#8221;1663234217822-5&#8243; tab_id=&#8221;1663234217822-0&#8243;][vc_custom_heading text=&#8221;De ce este important s\u0103 fii membru al unei biserici?&#8221; font_container=&#8221;tag:h3|text_align:left&#8221; use_theme_fonts=&#8221;yes&#8221; css=&#8221;.vc_custom_1663164305128{padding-bottom: 10px !important;}&#8221;][vc_column_text css=&#8221;.vc_custom_1547791855860{padding-bottom: 20px !important;}&#8221;]A fi membru al unei biserici \u00eenseamn\u0103 a te dedica unui grup local de credincio\u0219i, care se adun\u0103 \u00eempreun\u0103 pentru \u00eemplinirea unor scopuri stabilite de Dumnezeu. E important s\u0103 faci parte dintr-o biseric\u0103- e un loc \u00een care s\u0103 te po\u021bi \u00eenchina lui Dumnezeu, s\u0103 cre\u0219ti \u00een credin\u021b\u0103, s\u0103 po\u021bi fi ajutat \u0219i s\u0103 aju\u021bi la r\u00e2ndul t\u0103u pe al\u021bii \u00een momente de nevoie.<\/p>\n<p>Biserica lui Dumnezeu este compus\u0103 din oameni care \u00een\u021beleg importan\u021ba de a veghea \u201e\u2026 unii asupra altora, ca s\u0103 ne \u00eendemn\u0103m la dragoste \u015fi la fapte bune\u201d (Evrei 10:24). Astfel, a fi membru \u00eentr-o biseric\u0103 te va ajuta s\u0103 devii mai matur din punct de vedere spiritual \u0219i s\u0103 ai parte de toate beneficiile apartenen\u021bei la o comunitate \u00een cadrul c\u0103reia se manifest\u0103 dragostea lui Hristos.[\/vc_column_text][vc_custom_heading text=&#8221;Cum devin membru al acestei biserici?&#8221; font_container=&#8221;tag:h3|text_align:left&#8221; use_theme_fonts=&#8221;yes&#8221; css=&#8221;.vc_custom_1663164415033{padding-bottom: 10px !important;}&#8221;][vc_column_text css=&#8221;.vc_custom_1547792447689{padding-bottom: 20px !important;}&#8221;]A deveni membru al Bisericii Baptiste M\u0103n\u0103\u0219tur nu este dificil. Acest lucru se poate materializa \u00een dou\u0103 moduri: <strong>prin botez<\/strong> sau p<strong>rin transfer<\/strong>.[\/vc_column_text][vc_column_text][\/vc_column_text][\/tab][tab icon_family=&#8221;none&#8221; title=&#8221;Contact&#8221; id=&#8221;1663234217892-8&#8243; tab_id=&#8221;1663234217894-0&#8243;][vc_row_inner content_placement=&#8221;middle&#8221; column_margin=&#8221;default&#8221; bottom_padding=&#8221;40&#8243; text_align=&#8221;left&#8221;][vc_column_inner column_padding=&#8221;padding-10-percent&#8221; column_padding_position=&#8221;left-right&#8221; centered_text=&#8221;true&#8221; background_color_opacity=&#8221;1&#8243; background_hover_color_opacity=&#8221;1&#8243; column_shadow=&#8221;none&#8221; column_border_radius=&#8221;none&#8221; column_link_target=&#8221;_self&#8221; width=&#8221;1\/1&#8243; tablet_width_inherit=&#8221;default&#8221; column_border_width=&#8221;none&#8221; column_border_style=&#8221;solid&#8221; bg_image_animation=&#8221;none&#8221;][vc_column_text]\n<p style=\"text-align: center;\"><strong>Tel: <a href=\"tel:0264 425 051\">0264 425 051<\/a><\/strong><\/p>\n<p style=\"text-align: center;\"><strong>Email: <a href=\"mailto:secretariat@bisericamanastur.ro\">secretariat@bisericamanastur.ro<\/a><\/strong><\/p>\n[\/vc_column_text][divider line_type=&#8221;No Line&#8221; custom_height=&#8221;30&#8243;][vc_custom_heading text=&#8221;Formular de contact&#8221; font_container=&#8221;tag:h3|text_align:center&#8221; use_theme_fonts=&#8221;yes&#8221;][divider line_type=&#8221;No Line&#8221; custom_height=&#8221;30&#8243;][vc_column_text]\n<div class=\"wpcf7 no-js\" id=\"wpcf7-f7-o1\" lang=\"en-US\" dir=\"ltr\" data-wpcf7-id=\"7\">\n<div class=\"screen-reader-response\"><p role=\"status\" aria-live=\"polite\" aria-atomic=\"true\"><\/p> <ul><\/ul><\/div>\n<form action=\"\/new\/wp-json\/wp\/v2\/pages\/6587#wpcf7-f7-o1\" method=\"post\" class=\"wpcf7-form init\" aria-label=\"Contact form\" novalidate=\"novalidate\" data-status=\"init\">\n<fieldset class=\"hidden-fields-container\"><input type=\"hidden\" name=\"_wpcf7\" value=\"7\" \/><input type=\"hidden\" name=\"_wpcf7_version\" value=\"6.1.5\" \/><input type=\"hidden\" name=\"_wpcf7_locale\" value=\"en_US\" \/><input type=\"hidden\" name=\"_wpcf7_unit_tag\" value=\"wpcf7-f7-o1\" \/><input type=\"hidden\" name=\"_wpcf7_container_post\" value=\"0\" \/><input type=\"hidden\" name=\"_wpcf7_posted_data_hash\" value=\"\" \/>\n<\/fieldset>\n<p><label>Nume (obligatoriu)<br \/>\n<span class=\"wpcf7-form-control-wrap\" data-name=\"your-name\"><input size=\"40\" maxlength=\"400\" class=\"wpcf7-form-control wpcf7-text wpcf7-validates-as-required\" aria-required=\"true\" aria-invalid=\"false\" placeholder=\"Prenume Nume\" value=\"\" type=\"text\" name=\"your-name\" \/><\/span> <\/label>\n<\/p>\n<p><label>Email (obligatoriu)<br \/>\n<span class=\"wpcf7-form-control-wrap\" data-name=\"your-email\"><input size=\"40\" maxlength=\"400\" class=\"wpcf7-form-control wpcf7-email wpcf7-validates-as-required wpcf7-text wpcf7-validates-as-email\" aria-required=\"true\" aria-invalid=\"false\" placeholder=\"nume@exemplu.com\" value=\"\" type=\"email\" name=\"your-email\" \/><\/span> <\/label>\n<\/p>\n<p><label>Telefon<br \/>\n<span class=\"wpcf7-form-control-wrap\" data-name=\"telefon\"><input size=\"40\" maxlength=\"12\" minlength=\"1\" class=\"wpcf7-form-control wpcf7-tel wpcf7-text wpcf7-validates-as-tel\" aria-invalid=\"false\" placeholder=\"Telefon\" value=\"\" type=\"tel\" name=\"telefon\" \/><\/span><\/label>\n<\/p>\n<p><label> Mesaj<br \/>\n<span class=\"wpcf7-form-control-wrap\" data-name=\"your-message\"><textarea cols=\"40\" rows=\"10\" maxlength=\"2000\" class=\"wpcf7-form-control wpcf7-textarea\" aria-invalid=\"false\" placeholder=\"Las\u0103-ne un mesaj \u2026\" name=\"your-message\"><\/textarea><\/span> <\/label>\n<\/p>\n<div id=\"cf7sr-69ea321b6f94b\" class=\"cf7sr-g-recaptcha\" data-theme=\"light\" data-type=\"image\" data-size=\"normal\" data-sitekey=\"6LcfTJkUAAAAABMoSDPC0f7G4SPuPHouRr6ePGsO\"><\/div><span class=\"wpcf7-form-control-wrap cf7sr-recaptcha\" data-name=\"cf7sr-recaptcha\"><input type=\"hidden\" name=\"cf7sr-recaptcha\" value=\"\" class=\"wpcf7-form-control\"><\/span>\n<\/p>\n<p><input class=\"wpcf7-form-control wpcf7-submit has-spinner see-through\" type=\"submit\" value=\"TRIMITE\" \/>\n<\/p><input type='hidden' class='wpcf7-pum' value='{\"closepopup\":false,\"closedelay\":0,\"openpopup\":false,\"openpopup_id\":0}' \/><div class=\"wpcf7-response-output\" aria-hidden=\"true\"><\/div>\n<\/form>\n<\/div>\n[\/vc_column_text][\/vc_column_inner][\/vc_row_inner][\/tab][\/tabbed_section][\/vc_column][\/vc_row][vc_row type=&#8221;full_width_background&#8221; full_screen_row_position=&#8221;middle&#8221; bg_color=&#8221;#ffffff&#8221; scene_position=&#8221;center&#8221; text_color=&#8221;dark&#8221; text_align=&#8221;left&#8221; top_padding=&#8221;3%&#8221; bottom_padding=&#8221;3%&#8221; overlay_strength=&#8221;0.3&#8243; shape_divider_position=&#8221;bottom&#8221; bg_image_animation=&#8221;none&#8221; shape_type=&#8221;&#8221;][vc_column column_padding=&#8221;no-extra-padding&#8221; column_padding_position=&#8221;all&#8221; background_color_opacity=&#8221;1&#8243; background_hover_color_opacity=&#8221;1&#8243; column_link_target=&#8221;_self&#8221; column_shadow=&#8221;none&#8221; column_border_radius=&#8221;none&#8221; width=&#8221;1\/1&#8243; tablet_width_inherit=&#8221;default&#8221; tablet_text_alignment=&#8221;default&#8221; phone_text_alignment=&#8221;default&#8221; column_border_width=&#8221;none&#8221; column_border_style=&#8221;solid&#8221; bg_image_animation=&#8221;none&#8221;][tabbed_section style=&#8221;vertical_modern&#8221; tab_color=&#8221;Accent-Color&#8221;][tab icon_family=&#8221;none&#8221; title=&#8221;Prin Botez&#8221; id=&#8221;1663234217965-2&#8243; tab_id=&#8221;1663234217967-8&#8243;][vc_column_text css=&#8221;.vc_custom_1663231038351{border-top-width: 2px !important;border-right-width: 2px !important;border-bottom-width: 2px !important;border-left-width: 2px !important;padding-top: 40px !important;padding-right: 40px !important;padding-bottom: 40px !important;padding-left: 40px !important;border-left-color: #f6f6f6 !important;border-left-style: solid !important;border-right-color: #f6f6f6 !important;border-right-style: solid !important;border-top-color: #f6f6f6 !important;border-top-style: solid !important;border-bottom-color: #f6f6f6 !important;border-bottom-style: solid !important;}&#8221;]Domnul Isus \u00censu\u0219i a fost botezat \u0219i ne-a \u00eenv\u0103\u021bat c\u0103 botezul este un mod de m\u0103rturisire public\u0103 a credin\u021bei \u00een El ca M\u00e2ntuitor \u0219i Domn al nostru. Botezul \u00een ap\u0103 simbolizeaz\u0103 transformarea care are loc \u00een vie\u021bile noastre \u00een momentul \u00een care ne punem \u00eencrederea \u00een Dumnezeu. Din cauza importan\u021bei acestei decizii, noi cerem ca fiecare om s\u0103 fie botezat \u00eenaintea de a fi acceptat ca membru al bisericii.<\/p>\n<p>\u00cen mod practic, cei care doresc s\u0103 devin\u0103 membri prin botez sunt invita\u021bi s\u0103 participe la programul de Catehez\u0103 (o perioad\u0103 de instruire organizat\u0103 \u00een vederea cunoa\u015fterii ABC-ului credin\u0163ei cre\u0219tine \u00een baza Sfintelor Scripturi).<\/p>\n<p>&nbsp;<\/p>\n<p style=\"text-align: left;\"><a class=\"nectar-button n-sc-button large see-through-2 has-icon\" target=\"_blank\" href=\"\/wp-content\/uploads\/2019\/01\/Cerere_De_Botez_Biserica_Manastur.pdf\" data-color-override=\"#ff3067\"  data-hover-color-override=\"#ff3067\" data-hover-text-color-override=\"#fff\"><span>CERERE \u00ceNSCRIERE CATEHEZ\u0102<\/span><i class=\"linecon-icon-note\"><\/i><\/a>\n[\/vc_column_text][vc_column_text][\/vc_column_text][\/tab][tab icon_family=&#8221;none&#8221; title=&#8221;Prin Transfer&#8221; id=&#8221;1663234218006-10&#8243; tab_id=&#8221;1663234218007-10&#8243;][vc_column_text css=&#8221;.vc_custom_1663231087934{border-top-width: 2px !important;border-right-width: 2px !important;border-bottom-width: 2px !important;border-left-width: 2px !important;padding-top: 40px !important;padding-right: 40px !important;padding-bottom: 40px !important;padding-left: 40px !important;border-left-color: #f6f6f6 !important;border-left-style: solid !important;border-right-color: #f6f6f6 !important;border-right-style: solid !important;border-top-color: #f6f6f6 !important;border-top-style: solid !important;border-bottom-color: #f6f6f6 !important;border-bottom-style: solid !important;}&#8221;]Dac\u0103 sunte\u021bi membru al unei alte biserici evanghelice (fiind botezat nou-testamentar) \u0219i din diferite motive dori\u021bi s\u0103 v\u0103 integra\u021bi \u00een comunitatea noastr\u0103, pute\u021bi s\u0103 completa\u021bi o cerere de transfer a membralit\u0103\u021bii.<\/p>\n<p>Dup\u0103 depunerea acestei cereri, comitetul bisericii v\u0103 va invita la un interviu cu scopul de a v\u0103 cunoa\u0219te mai bine, \u00een vederea integr\u0103rii dumneavoastr\u0103 \u00een biserica noastr\u0103. De asemenea, \u00een cadrul procesului de transfer, biserica dumneavoastr\u0103 de provenien\u021b\u0103 va fi informat\u0103 \u0219i solicitat\u0103 s\u0103 \u00ee\u0219i dea acordul cu privire la aceast\u0103 inten\u021bie.<\/p>\n<p>&nbsp;<\/p>\n<a class=\"nectar-button n-sc-button large see-through-2 has-icon\" target=\"_blank\" href=\"\/wp-content\/uploads\/2019\/01\/Cerere_De_Transfer_Biserica_Manastur.pdf\" data-color-override=\"#ff3067\"  data-hover-color-override=\"#ff3067\" data-hover-text-color-override=\"#fff\"><span>CERERE DE TRANSFER<\/span><i class=\"linecon-icon-note\"><\/i><\/a>[\/vc_column_text][\/tab][\/tabbed_section][\/vc_column][\/vc_row]\n","protected":false},"excerpt":{"rendered":"<p>[vc_row type=&#8221;full_width_background&#8221; full_screen_row_position=&#8221;middle&#8221; bg_color=&#8221;#f6f6f6&#8243; scene_position=&#8221;center&#8221; text_color=&#8221;dark&#8221; text_align=&#8221;left&#8221; top_padding=&#8221;10&#8243; bottom_padding=&#8221;10&#8243; overlay_strength=&#8221;0.3&#8243; shape_divider_position=&#8221;bottom&#8221; bg_image_animation=&#8221;none&#8221; shape_type=&#8221;straight_section&#8221;][vc_column column_padding=&#8221;no-extra-padding&#8221; column_padding_position=&#8221;all&#8221; background_color_opacity=&#8221;1&#8243; background_hover_color_opacity=&#8221;1&#8243; column_link_target=&#8221;_self&#8221; column_shadow=&#8221;none&#8221; column_border_radius=&#8221;none&#8221; width=&#8221;1\/1&#8243; tablet_width_inherit=&#8221;default&#8221; tablet_text_alignment=&#8221;default&#8221; phone_text_alignment=&#8221;default&#8221; column_border_width=&#8221;none&#8221; column_border_style=&#8221;solid&#8221; bg_image_animation=&#8221;none&#8221;][vc_column_text][\/vc_column_text][\/vc_column][\/vc_row][vc_row type=&#8221;full_width_background&#8221; full_screen_row_position=&#8221;middle&#8221; bg_image=&#8221;8447&#8243;&#8230;<\/p>\n","protected":false},"author":2,"featured_media":0,"parent":0,"menu_order":0,"comment_status":"closed","ping_status":"closed","template":"","meta":{"_acf_changed":false,"footnotes":""},"class_list":["post-6587","page","type-page","status-publish"],"acf":[],"_links":{"self":[{"href":"https:\/\/bisericamanastur.ro\/new\/wp-json\/wp\/v2\/pages\/6587","targetHints":{"allow":["GET"]}}],"collection":[{"href":"https:\/\/bisericamanastur.ro\/new\/wp-json\/wp\/v2\/pages"}],"about":[{"href":"https:\/\/bisericamanastur.ro\/new\/wp-json\/wp\/v2\/types\/page"}],"author":[{"embeddable":true,"href":"https:\/\/bisericamanastur.ro\/new\/wp-json\/wp\/v2\/users\/2"}],"replies":[{"embeddable":true,"href":"https:\/\/bisericamanastur.ro\/new\/wp-json\/wp\/v2\/comments?post=6587"}],"version-history":[{"count":0,"href":"https:\/\/bisericamanastur.ro\/new\/wp-json\/wp\/v2\/pages\/6587\/revisions"}],"wp:attachment":[{"href":"https:\/\/bisericamanastur.ro\/new\/wp-json\/wp\/v2\/media?parent=6587"}],"curies":[{"name":"wp","href":"https:\/\/api.w.org\/{rel}","templated":true}]}}