{"id":6573,"date":"2018-12-18T22:17:34","date_gmt":"2018-12-18T22:17:34","guid":{"rendered":"https:\/\/bisericamanastur.ro\/new\/?page_id=6573"},"modified":"2022-09-15T10:33:21","modified_gmt":"2022-09-15T08:33:21","slug":"ce-credem","status":"publish","type":"page","link":"https:\/\/bisericamanastur.ro\/new\/ce-credem\/","title":{"rendered":"Ce credem"},"content":{"rendered":"[vc_row type=&#8221;full_width_background&#8221; full_screen_row_position=&#8221;middle&#8221; bg_color=&#8221;#f6f6f6&#8243; scene_position=&#8221;center&#8221; text_color=&#8221;dark&#8221; text_align=&#8221;left&#8221; top_padding=&#8221;10&#8243; bottom_padding=&#8221;10&#8243; overlay_strength=&#8221;0.3&#8243; shape_divider_position=&#8221;bottom&#8221; bg_image_animation=&#8221;none&#8221; shape_type=&#8221;straight_section&#8221;][vc_column column_padding=&#8221;no-extra-padding&#8221; column_padding_position=&#8221;all&#8221; background_color_opacity=&#8221;1&#8243; background_hover_color_opacity=&#8221;1&#8243; column_link_target=&#8221;_self&#8221; column_shadow=&#8221;none&#8221; column_border_radius=&#8221;none&#8221; width=&#8221;1\/1&#8243; tablet_width_inherit=&#8221;default&#8221; tablet_text_alignment=&#8221;default&#8221; phone_text_alignment=&#8221;default&#8221; column_border_width=&#8221;none&#8221; column_border_style=&#8221;solid&#8221; bg_image_animation=&#8221;none&#8221;][vc_column_text]\t\t\t<!-- Flexy Breadcrumb -->\r\n\t\t\t<div class=\"fbc fbc-page\">\r\n\r\n\t\t\t\t<!-- Breadcrumb wrapper -->\r\n\t\t\t\t<div class=\"fbc-wrap\">\r\n\r\n\t\t\t\t\t<!-- Ordered list-->\r\n\t\t\t\t\t<ol class=\"fbc-items\" itemscope itemtype=\"https:\/\/schema.org\/BreadcrumbList\">\r\n\t\t\t\t\t\t            <li itemprop=\"itemListElement\" itemscope itemtype=\"https:\/\/schema.org\/ListItem\">\r\n                <span itemprop=\"name\">\r\n                    <!-- Home Link -->\r\n                    <a itemprop=\"item\" href=\"https:\/\/bisericamanastur.ro\/new\">\r\n                    \r\n                                                    <i class=\"fa fa-home\" aria-hidden=\"true\"><\/i>Home                    <\/a>\r\n                <\/span>\r\n                <meta itemprop=\"position\" content=\"1\" \/><!-- Meta Position-->\r\n             <\/li><li><span class=\"fbc-separator\">\/<\/span><\/li><li class=\"active\" itemprop=\"itemListElement\" itemscope itemtype=\"https:\/\/schema.org\/ListItem\"><span itemprop=\"name\" title=\"Ce credem\">Ce credem<\/span><meta itemprop=\"position\" content=\"2\" \/><\/li>\t\t\t\t\t<\/ol>\r\n\t\t\t\t\t<div class=\"clearfix\"><\/div>\r\n\t\t\t\t<\/div>\r\n\t\t\t<\/div>\r\n\t\t\t[\/vc_column_text][\/vc_column][\/vc_row][vc_row type=&#8221;full_width_background&#8221; full_screen_row_position=&#8221;middle&#8221; bg_image=&#8221;7512&#8243; bg_position=&#8221;left top&#8221; bg_repeat=&#8221;no-repeat&#8221; scene_position=&#8221;center&#8221; video_bg=&#8221;use_video&#8221; text_color=&#8221;light&#8221; text_align=&#8221;left&#8221; top_padding=&#8221;13%&#8221; bottom_padding=&#8221;13%&#8221; color_overlay=&#8221;#0a0a0a&#8221; overlay_strength=&#8221;0.5&#8243; shape_divider_position=&#8221;bottom&#8221; bg_image_animation=&#8221;none&#8221; parallax_bg=&#8221;true&#8221; parallax_bg_speed=&#8221;fast&#8221; video_mute=&#8221;true&#8221; shape_type=&#8221;&#8221;][vc_column column_padding=&#8221;no-extra-padding&#8221; column_padding_position=&#8221;all&#8221; background_color_opacity=&#8221;1&#8243; background_hover_color_opacity=&#8221;1&#8243; column_link_target=&#8221;_self&#8221; column_shadow=&#8221;none&#8221; column_border_radius=&#8221;none&#8221; width=&#8221;2\/3&#8243; tablet_width_inherit=&#8221;default&#8221; tablet_text_alignment=&#8221;default&#8221; phone_text_alignment=&#8221;default&#8221; column_border_width=&#8221;none&#8221; column_border_style=&#8221;solid&#8221; bg_image_animation=&#8221;none&#8221;][vc_row_inner column_margin=&#8221;default&#8221; text_align=&#8221;left&#8221;][vc_column_inner column_padding=&#8221;no-extra-padding&#8221; column_padding_position=&#8221;all&#8221; background_color_opacity=&#8221;1&#8243; background_hover_color_opacity=&#8221;1&#8243; column_shadow=&#8221;none&#8221; column_border_radius=&#8221;none&#8221; column_link_target=&#8221;_self&#8221; width=&#8221;5\/6&#8243; tablet_width_inherit=&#8221;default&#8221; column_border_width=&#8221;none&#8221; column_border_style=&#8221;solid&#8221; bg_image_animation=&#8221;none&#8221;][vc_custom_heading text=&#8221;M\u00e2ntuirea se dob\u00e2nde\u015fte numai prin credin\u0163a \u00een Domnul Isus Hristos \u015fi prin harul lui Dumnezeu, iar \u00een toate \u015fi pentru toate slava se cuvine doar lui Dumnezeu.&#8221; font_container=&#8221;tag:p|text_align:left|color:rgba(255%2C255%2C255%2C0.7)&#8221; use_theme_fonts=&#8221;yes&#8221;][\/vc_column_inner][vc_column_inner column_padding=&#8221;no-extra-padding&#8221; column_padding_position=&#8221;all&#8221; background_color_opacity=&#8221;1&#8243; background_hover_color_opacity=&#8221;1&#8243; column_shadow=&#8221;none&#8221; column_border_radius=&#8221;none&#8221; column_link_target=&#8221;_self&#8221; width=&#8221;1\/6&#8243; tablet_width_inherit=&#8221;default&#8221; column_border_width=&#8221;none&#8221; column_border_style=&#8221;solid&#8221; bg_image_animation=&#8221;none&#8221;][\/vc_column_inner][\/vc_row_inner][vc_row_inner column_margin=&#8221;default&#8221; top_padding=&#8221;30&#8243; text_align=&#8221;left&#8221;][vc_column_inner column_padding=&#8221;no-extra-padding&#8221; column_padding_position=&#8221;all&#8221; background_color_opacity=&#8221;1&#8243; background_hover_color_opacity=&#8221;1&#8243; column_shadow=&#8221;none&#8221; column_border_radius=&#8221;none&#8221; column_link_target=&#8221;_self&#8221; width=&#8221;1\/1&#8243; tablet_width_inherit=&#8221;default&#8221; column_border_width=&#8221;none&#8221; column_border_style=&#8221;solid&#8221; bg_image_animation=&#8221;none&#8221;][nectar_btn size=&#8221;large&#8221; open_new_tab=&#8221;true&#8221; button_style=&#8221;see-through-3&#8243; color_override=&#8221;#ff3067&#8243; hover_color_override=&#8221;#ff3067&#8243; hover_text_color_override=&#8221;#ffffff&#8221; icon_family=&#8221;fontawesome&#8221; url=&#8221;https:\/\/bisericamanastur.ro\/new\/wp-content\/uploads\/2022\/09\/Marturisirea-de-Credinta-BBaptista.pdf&#8221; text=&#8221;M\u0102RTURISIREA DE CREDINT\u0102 A CULTULUI CRE\u0218TIN BAPTIST&#8221; icon_fontawesome=&#8221;fa fa-long-arrow-right&#8221; margin_top=&#8221;25&#8243;][\/vc_column_inner][\/vc_row_inner][\/vc_column][vc_column column_padding=&#8221;no-extra-padding&#8221; column_padding_position=&#8221;all&#8221; background_color_opacity=&#8221;1&#8243; background_hover_color_opacity=&#8221;1&#8243; column_link_target=&#8221;_self&#8221; column_shadow=&#8221;none&#8221; column_border_radius=&#8221;none&#8221; width=&#8221;1\/3&#8243; tablet_width_inherit=&#8221;default&#8221; tablet_text_alignment=&#8221;default&#8221; phone_text_alignment=&#8221;default&#8221; column_border_width=&#8221;none&#8221; column_border_style=&#8221;solid&#8221; bg_image_animation=&#8221;none&#8221;][\/vc_column][\/vc_row][vc_row type=&#8221;full_width_background&#8221; full_screen_row_position=&#8221;middle&#8221; bg_color=&#8221;#ffffff&#8221; scene_position=&#8221;center&#8221; text_color=&#8221;dark&#8221; text_align=&#8221;left&#8221; top_padding=&#8221;60&#8243; bottom_padding=&#8221;40&#8243; color_overlay=&#8221;#ffffff&#8221; overlay_strength=&#8221;0.3&#8243; shape_divider_position=&#8221;bottom&#8221; bg_image_animation=&#8221;none&#8221; shape_type=&#8221;&#8221;][vc_column column_padding=&#8221;padding-10-percent&#8221; column_padding_position=&#8221;left-right&#8221; background_color_opacity=&#8221;1&#8243; background_hover_color_opacity=&#8221;1&#8243; column_link_target=&#8221;_self&#8221; column_shadow=&#8221;none&#8221; column_border_radius=&#8221;none&#8221; width=&#8221;1\/1&#8243; tablet_width_inherit=&#8221;default&#8221; tablet_text_alignment=&#8221;default&#8221; phone_text_alignment=&#8221;default&#8221; column_border_width=&#8221;none&#8221; column_border_style=&#8221;solid&#8221; bg_image_animation=&#8221;none&#8221;][vc_custom_heading text=&#8221;CULTUL CRE\u0218TIN BAPTIST \u2013 UNIUNEA BISERICILOR CRE\u015eTINE BAPTISTE DIN ROM\u00c2NIA&#8221; font_container=&#8221;tag:h2|text_align:center&#8221; use_theme_fonts=&#8221;yes&#8221; css=&#8221;.vc_custom_1663153212390{padding-bottom: 10px !important;}&#8221;][divider line_type=&#8221;No Line&#8221; custom_height=&#8221;20&#8243;][vc_column_text css=&#8221;.vc_custom_1545171005891{padding-bottom: 20px !important;}&#8221;]Popularizarea denumirii de bapti\u015fti, form\u0103 prescurtat\u0103 a titulaturii de anabaptist\u00a0se datoreaz\u0103, \u00een special, eforturilor lui John Smith care a \u00eentemeiat, \u00een \u0162\u0103rile de Jos, \u00een anul 1609, o biseric\u0103 baptist\u0103. \u00cen prezent, bapti\u015ftii constituie una din cele mai r\u0103sp\u00e2ndite confesiuni cre\u015ftine protestante din lume, av\u00e2nd biserici \u00een peste 211 \u0163\u0103ri \u015fi un num\u0103r de aproximativ 120 milioane de credincio\u015fi.<br \/>\n\u00cen Rom\u00e2nia, prima biseric\u0103 baptist\u0103 a luat fiin\u0163\u0103 \u00een anul 1856, \u00een Bucure\u015fti.<\/p>\n<p>\u00cen practica religioas\u0103, bapti\u015ftii propun re\u00eentoarcerea la ceea ce \u00een\u0163eleg prin \u201esimplitatea bisericii din veacul apostolic\u201d, afirm\u00e2nd principiile Reformei: \u201eSola Scriptura \u2013 Numai Scriptura\u201d,\u00a0\u201eSola Fidae \u2013 Numai Credin\u0163a\u201d, \u201eSola Gratia \u2013 Numai Harul\u201d \u015fi \u201eSoli Deo Gloria \u2013 Numai lui Dumnezeu i se cuvine slava\u201d. Potrivit acestor principii, singura autoritate \u00een materie de credin\u0163\u0103 \u015fi practic\u0103 religioas\u0103 este atribuit\u0103 Bibliei, ca fiind inspirat\u0103 \u00een totalitate de Duhul lui Dumnezeu. M\u00e2ntuirea se dob\u00e2nde\u015fte numai prin credin\u0163a \u00een Domnul Isus Hristos \u015fi prin harul lui Dumnezeu, iar \u00een toate \u015fi pentru toate slava se cuvine doar lui Dumnezeu. Astfel, este \u00eenl\u0103turat tot ceea ce este considerat ca fiind tradi\u0163ie ulterioar\u0103 \u201eveacului apostolic\u201d: sunt negate autoritatea \u015fi tradi\u0163ia Bisericii, este l\u0103sat deoparte cultul liturgic \u015fi alte tradi\u0163ii biserice\u015fti, nu sunt recunoscute rolul (mijlocitor) al Maicii Domnului \u2013 Fecioara Maria, al sfin\u0163ilor, rolul \u015fi autoritatea clerului bisericesc, cinstirea icoanelor, statuilor \u015fi moa\u015ftelor.<\/p>\n<p>Bapti\u015ftii accept\u0103, \u00een linii mari, simbolul de credin\u0163\u0103 niceeo-constantinopolitan, afirm\u00e2ndu-\u015fi credin\u0163a \u00eentr-un singur\u00a0<strong>Dumnezeu<\/strong>, revelat \u00een Sf\u00e2nta Scriptur\u0103 \u00een Trei Persoane:\u00a0<strong>Tat\u0103l<\/strong>,\u00a0<strong>Fiul\u00a0<\/strong>\u015fi\u00a0<strong>Duhul Sf\u00e2nt<\/strong>.<\/p>\n<p>Bapti\u015ftii cred c\u0103 Dumnezeu Tat\u0103l este creatorul tuturor lucrurilor v\u0103zute \u015fi nev\u0103zute. Bapti\u015ftii cred \u00een dumnezeirea \u015fi umanitatea Domnului Isus Hristos, n\u0103scut din fecioara Maria, \u00een moartea Sa isp\u0103\u0219itoare pe cruce, \u00een \u00eenvierea glorioas\u0103 \u015fi \u00een\u0103l\u0163area la cer, precum \u015fi \u00een a doua venire a Fiului lui Dumnezeu, \u00een slav\u0103.<br \/>\nBapti\u015ftii cred, de\u00a0 asemenea, \u00een dumnezeirea Duhului Sf\u00e2nt, care lucreaz\u0103 \u00een om na\u015fterea din nou (convertirea) \u015fi transformarea lui dup\u0103 chipul Fiului lui Dumnezeu.<\/p>\n<p>\u00cen crezul \u015fi practica bisericii baptiste, botezul se administreaz\u0103 \u00een numele Tat\u0103lui, Fiului \u015fi Sf\u00e2ntului Duh, prin afundare \u00een ap\u0103 \u015fi este precedat de convertirea celui ce se boteaz\u0103. Pentru copiii nou-n\u0103scu\u0163i exist\u0103 un serviciu religios de binecuv\u00e2ntare de c\u0103tre comunitate.<\/p>\n<p>Bapti\u015ftii se organizeaz\u0103 pe baza principiului autonomiei bisericii locale \u015fi practic\u0103 a\u015fa-numita \u201epreo\u0163ie universal\u0103\u201d, suger\u00e2ndu-se prin aceasta c\u0103 \u00een r\u00e2ndurile lor nu ar exista o distinc\u0163ie \u00eentre clerici \u015fi laici. Pe l\u00e2ng\u0103 simplii\u00a0<em>fra\u0163i<\/em>\u00a0\u015fi\u00a0<em>surori<\/em>\u00a0exist\u0103\u00a0<em>fra\u0163ii-p\u0103stori<\/em>,\u00a0<em>fra\u0163ii-presbiteri<\/em>\u00a0sau\u00a0<em>fra\u0163ii-diaconi<\/em>.<\/p>\n<p>\u00cenchinarea public\u0103 a bapti\u015ftilor se realizeaz\u0103 prin participarea tuturor credincio\u015filor, de regul\u0103, prin c\u00e2ntare, rug\u0103ciune, citirea \u015fi propov\u0103duirea Sfintelor Scripturi.<br \/>\nZidirea duhovniceasc\u0103 se face \u015fi \u00een grupuri mici, \u00een case particulare sau \u00een l\u0103ca\u015ful de \u00eenchinare, prin studiul Bibliei \u015fi rug\u0103ciune.<\/p>\n<p>Momentul culminant al \u00eenchin\u0103rii publice \u00eel reprezint\u0103 Cina Domnului, \u00een\u0163eleas\u0103 \u00een mod simbolic, prin care biserica local\u0103 comemoreaz\u0103 jertfa unic\u0103 a Noului Leg\u0103m\u00e2nt, ce a fost adus\u0103 o dat\u0103 pentru totdeauna de Isus Hristos.<\/p>\n<p>Bapti\u015ftii s\u0103rb\u0103toresc duminica, ca zi de \u00eenchinare s\u0103pt\u0103m\u00e2nal\u0103, precum \u015fi s\u0103rb\u0103torile anuale legate de evenimentele principale ale istoriei m\u00e2ntuirii: Na\u015fterea M\u00e2ntuitorului, Botezul Domnului, S\u0103pt\u0103m\u00e2na Patimilor, \u00cenvierea Domnului, \u00cen\u0103l\u0163area\u00a0 Domnului Isus Hristos \u015fi Pogor\u00e2rea Duhului Sf\u00e2nt.<\/p>\n<p>Bapti\u015ftii promoveaz\u0103 pe plan mondial un tip de misiune potrivit c\u0103ruia fiecare credincios este dator s\u0103 r\u0103sp\u00e2ndeasc\u0103 \u00een lume Evanghelia. Misiunea se adreseaz\u0103 persoanei \u015fi societ\u0103\u0163ii \u00een \u00eentregul lor, at\u00e2t prin Evanghelie, c\u00e2t \u015fi prin ac\u0163iuni de caritate \u015fi de identificare \u00een dragoste cre\u015ftin\u0103 cu cei marginaliza\u0163i \u015fi nedrept\u0103\u0163i\u0163i.<\/p>\n<p>Bapti\u015ftii din Rom\u00e2nia s-au organizat pe plan na\u0163ional \u00een Uniunea Comunit\u0103\u0163ilor Cre\u015ftine Baptiste, \u00een anul 1920.<br \/>\n\u00cen prezent, Cultul Cre\u015ftin Baptist din Rom\u00e2nia \u2013 Uniunea Bisericilor Cre\u015ftine Baptiste din Rom\u00e2nia constituie unul dintre cele 18 culte religioase recunoscute de stat \u015fi func\u0163ioneaz\u0103 \u00een baza Decretului-Lege nr. 553\/1944, a Decretului nr. 178\/1948 pentru regimul general al Cultelor, a Decretului nr. 1203\/1950 de aprobare a Statutului Cultului \u015fi a prevederilor constitu\u0163ionale. Statutul Cultului Cre\u015ftin Baptist din Rom\u00e2nia, aprobat prin Decretul 1203 din 1950 a fost modificat \u015fi completat de Conferin\u0163a Na\u0163ional\u0103 a Uniunii Bisericilor Cre\u015ftine Baptiste, la Arad, \u00een data de 27 noiembrie 1998.<\/p>\n<p>\u00cen prezent, Cultul Cre\u015ftin Baptist din Rom\u00e2nia cuprinde circa 1800 de biserici \u00een toate regiunile \u0163\u0103rii, organizate teritorial \u00een comunit\u0103\u0163i, num\u0103r\u00e2nd aproximativ 118.000 de persoane (conform recens\u0103m\u00e2ntului din 2011). Aceste biserici sunt slujite de 700 de pastori \u015fi misionari. Personalul duhovnicesc \u015fi de specialitate este preg\u0103tit \u00een cadrul \u015fcolilor cultului.<\/p>\n<p>\u00cen Rom\u00e2nia, Cultul Cre\u015ftin Baptist are opt licee teologice, dou\u0103 \u015fcoli postliceale \u015fi dou\u0103 institu\u0163ii de \u00eenv\u0103\u0163\u0103m\u00e2nt superior: Institutul Teologic Baptist din Bucure\u015fti, cu specializarea Teologie Baptist\u0103 Pastoral\u0103, \u015fi Universitatea Emanuel din Oradea cu specializ\u0103rile Teologie Baptist\u0103 Pastoral\u0103, Teologie Baptist\u0103 Didactic\u0103\u2013Asisten\u0163\u0103 Social\u0103, Pedagogie Muzical\u0103 \u015fi Managementul Organiza\u0163iilor. De asemenea, \u00een cadrul Universit\u0103\u0163ii din Bucure\u015fti func\u0163ioneaz\u0103 Facultatea de Teologie Baptist\u0103\u2013Litere \u015fi Asisten\u0163\u0103 Social\u0103, iar \u00een cadrul Universit\u0103\u0163ii din Oradea func\u0163ioneaz\u0103 specializarea Teologie Baptist\u0103\u2013Litere.<\/p>\n<p>Uniunea Baptist\u0103 din Rom\u00e2nia editeaz\u0103 revista \u201eCre\u015ftinul-azi\u201d, un supliment teologic periodic, precum \u015fi lucr\u0103ri teologice \u015fi alte materiale tip\u0103rite sau audio-vizuale pentru activit\u0103\u0163ile specifice ale bisericilor.<\/p>\n<p>Datorit\u0103 credin\u0163ei \u00een separarea bisericii de stat, bapti\u015ftii din Romania nu accept\u0103 subven\u0163ii de la stat pentru salarizarea personalului de cult. Ei cred c\u0103 este datoria liber consim\u0163it\u0103 a fiec\u0103rui credincios s\u0103 contribuie la sus\u0163inerea spiritual\u0103 \u015fi material\u0103 a bisericii de care apar\u0163ine. Implicarea statului \u00een redistribuirea unui procent din taxele \u015fi impozitele percepute de la cet\u0103\u0163eni c\u0103tre cultele religioase reprezint\u0103 impunerea unei anumite teologii politice de stat asupra cet\u0103\u0163enilor care nu \u00eemp\u0103rt\u0103\u015fesc respectiva teologie politic\u0103.[\/vc_column_text][\/vc_column][\/vc_row]\n","protected":false},"excerpt":{"rendered":"<p>[vc_row type=&#8221;full_width_background&#8221; full_screen_row_position=&#8221;middle&#8221; bg_color=&#8221;#f6f6f6&#8243; scene_position=&#8221;center&#8221; text_color=&#8221;dark&#8221; text_align=&#8221;left&#8221; top_padding=&#8221;10&#8243; bottom_padding=&#8221;10&#8243; overlay_strength=&#8221;0.3&#8243; shape_divider_position=&#8221;bottom&#8221; bg_image_animation=&#8221;none&#8221; shape_type=&#8221;straight_section&#8221;][vc_column column_padding=&#8221;no-extra-padding&#8221; column_padding_position=&#8221;all&#8221; background_color_opacity=&#8221;1&#8243; background_hover_color_opacity=&#8221;1&#8243; column_link_target=&#8221;_self&#8221; column_shadow=&#8221;none&#8221; column_border_radius=&#8221;none&#8221; width=&#8221;1\/1&#8243; tablet_width_inherit=&#8221;default&#8221; tablet_text_alignment=&#8221;default&#8221; phone_text_alignment=&#8221;default&#8221; column_border_width=&#8221;none&#8221; column_border_style=&#8221;solid&#8221; bg_image_animation=&#8221;none&#8221;][vc_column_text][\/vc_column_text][\/vc_column][\/vc_row][vc_row type=&#8221;full_width_background&#8221; full_screen_row_position=&#8221;middle&#8221; bg_image=&#8221;7512&#8243;&#8230;<\/p>\n","protected":false},"author":2,"featured_media":0,"parent":0,"menu_order":0,"comment_status":"closed","ping_status":"closed","template":"","meta":{"_acf_changed":false,"footnotes":""},"class_list":["post-6573","page","type-page","status-publish"],"acf":[],"_links":{"self":[{"href":"https:\/\/bisericamanastur.ro\/new\/wp-json\/wp\/v2\/pages\/6573","targetHints":{"allow":["GET"]}}],"collection":[{"href":"https:\/\/bisericamanastur.ro\/new\/wp-json\/wp\/v2\/pages"}],"about":[{"href":"https:\/\/bisericamanastur.ro\/new\/wp-json\/wp\/v2\/types\/page"}],"author":[{"embeddable":true,"href":"https:\/\/bisericamanastur.ro\/new\/wp-json\/wp\/v2\/users\/2"}],"replies":[{"embeddable":true,"href":"https:\/\/bisericamanastur.ro\/new\/wp-json\/wp\/v2\/comments?post=6573"}],"version-history":[{"count":0,"href":"https:\/\/bisericamanastur.ro\/new\/wp-json\/wp\/v2\/pages\/6573\/revisions"}],"wp:attachment":[{"href":"https:\/\/bisericamanastur.ro\/new\/wp-json\/wp\/v2\/media?parent=6573"}],"curies":[{"name":"wp","href":"https:\/\/api.w.org\/{rel}","templated":true}]}}